{"id":21,"date":"2021-02-07T14:23:00","date_gmt":"2021-02-07T13:23:00","guid":{"rendered":"http:\/\/elodiemeyfroid.be\/?page_id=21"},"modified":"2023-07-20T15:10:45","modified_gmt":"2023-07-20T13:10:45","slug":"a-propos","status":"publish","type":"page","link":"https:\/\/elodiemeyfroid.be\/?page_id=21","title":{"rendered":"\u00c0 propos"},"content":{"rendered":"\n<h1 class=\"has-text-align-center\"><span class=\"has-inline-color has-colibri-color-6-color\"><strong>INFOGRAPHISTE SP\u00c9CIALIS\u00c9E EN PR\u00c9-PRESSE<\/strong> <strong>&amp; COMMERCIALE INTERNE<\/strong><\/span><\/h1>\n\n\n\n<hr class=\"wp-block-separator\"\/>\n\n\n\n<div class=\"wp-block-group\"><div class=\"wp-block-group__inner-container\">\n<div class=\"wp-block-group alignwide\"><div class=\"wp-block-group__inner-container\">\n<h2 class=\"has-text-align-center has-text-color\" style=\"color:#1379a5\"><strong>COMP\u00c9TENCES<\/strong> <\/h2>\n<\/div><\/div>\n<\/div><\/div>\n\n\n\n<div class=\"wp-block-image\"><figure class=\"aligncenter size-large is-resized\"><img loading=\"lazy\" src=\"http:\/\/elodiemeyfroid.be\/wp-content\/uploads\/2021\/02\/adobe-1024x202.jpg\" alt=\"\" class=\"wp-image-265\" width=\"580\" height=\"114\" srcset=\"https:\/\/elodiemeyfroid.be\/wp-content\/uploads\/2021\/02\/adobe-1024x202.jpg 1024w, https:\/\/elodiemeyfroid.be\/wp-content\/uploads\/2021\/02\/adobe-300x59.jpg 300w, https:\/\/elodiemeyfroid.be\/wp-content\/uploads\/2021\/02\/adobe-768x152.jpg 768w, https:\/\/elodiemeyfroid.be\/wp-content\/uploads\/2021\/02\/adobe-1536x303.jpg 1536w, https:\/\/elodiemeyfroid.be\/wp-content\/uploads\/2021\/02\/adobe-2048x405.jpg 2048w\" sizes=\"(max-width: 580px) 100vw, 580px\" \/><\/figure><\/div>\n\n\n\n<p class=\"has-text-align-center\"><strong><span style=\"color:#1379a5\" class=\"has-inline-color\">CONCEPTION CR\u00c9ATIVE:<\/span><\/strong> <span style=\"color:#000000\" class=\"has-inline-color\">Recherche de tendance et de concept de communication, recherche iconographique.<\/span><br><strong><span style=\"color:#1379a5\" class=\"has-inline-color\">CONCEPTION GRAPHIQUE:<\/span><\/strong> <span style=\"color:#000000\" class=\"has-inline-color\">Cr\u00e9ation d\u2019affiche, flyer, identit\u00e9 visuelle, papeterie, logo, pictogramme, illustration.<\/span><br><strong><span style=\"color:#1379a5\" class=\"has-inline-color\">ANIMATION GRAPHIQUE:<\/span><\/strong> <span style=\"color:#000000\" class=\"has-inline-color\">Cr\u00e9ation de motion design, d\u2019effets visuels et de montage vid\u00e9o.<\/span><\/p>\n\n\n\n<div class=\"wp-block-image\"><figure class=\"aligncenter size-large is-resized\"><img loading=\"lazy\" src=\"http:\/\/elodiemeyfroid.be\/wp-content\/uploads\/2021\/02\/web-1024x202.jpg\" alt=\"\" class=\"wp-image-266\" width=\"616\" height=\"121\" srcset=\"https:\/\/elodiemeyfroid.be\/wp-content\/uploads\/2021\/02\/web-1024x202.jpg 1024w, https:\/\/elodiemeyfroid.be\/wp-content\/uploads\/2021\/02\/web-300x59.jpg 300w, https:\/\/elodiemeyfroid.be\/wp-content\/uploads\/2021\/02\/web-768x152.jpg 768w, https:\/\/elodiemeyfroid.be\/wp-content\/uploads\/2021\/02\/web-1536x303.jpg 1536w, https:\/\/elodiemeyfroid.be\/wp-content\/uploads\/2021\/02\/web-2048x405.jpg 2048w\" sizes=\"(max-width: 616px) 100vw, 616px\" \/><\/figure><\/div>\n\n\n\n<p class=\"has-text-align-center\"><span style=\"color:#1379a5\" class=\"has-inline-color\"><strong>WEB DESIGN:<\/strong><\/span> <span style=\"color:#000000\" class=\"has-inline-color\">Conception graphique et d\u00e9clinaison de site web. Responsive web design.<\/span><br><span style=\"color:#1379a5\" class=\"has-inline-color\"><strong>WEB DEVELOPEMENT:<\/strong><\/span> <span style=\"color:#000000\" class=\"has-inline-color\">Cr\u00e9ation de site web responsive et dynamique. Cr\u00e9ation de WordPress et maintenance du CMS.<\/span><\/p>\n\n\n\n<hr class=\"wp-block-separator\"\/>\n\n\n\n<h2 class=\"has-text-align-center\"><strong><span style=\"color:#1379a5\" class=\"has-inline-color\">\u00c9TUDES<\/span><\/strong><\/h2>\n\n\n\n<p class=\"has-text-align-center\"><strong><span style=\"color:#1379a5\" class=\"has-inline-color\">2014-2017:<\/span> <\/strong><span style=\"color:#000000\" class=\"has-inline-color\"><strong><a rel=\"noreferrer noopener\" href=\"https:\/\/www.epse.be\" target=\"_blank\">Les Ateliers du Pixel<\/a> &#8211; Enghien<\/strong><br>Baccalaur\u00e9at infographie<\/span><br><strong><span style=\"color:#1379a5\" class=\"has-inline-color\">2011-2014:<\/span> <\/strong><span style=\"color:#000000\" class=\"has-inline-color\"><strong><a rel=\"noreferrer noopener\" href=\"http:\/\/www.actournai.be\" target=\"_blank\">Haute \u00c9cole des Beaux Arts de Tournai<\/a><\/strong><br> Option architecture d\u2019int\u00e9rieur<\/span><br><strong><span style=\"color:#1379a5\" class=\"has-inline-color\">2005-2011:<\/span> <\/strong><span style=\"color:#000000\" class=\"has-inline-color\"><strong>\u00c9<\/strong><\/span><span style=\"color:#000000\" class=\"has-inline-color\"><strong>tudes secondaires sup\u00e9rieure ARGanshoren<\/strong><br>Option art visuel appliqu\u00e9<\/span><\/p>\n\n\n\n<hr class=\"wp-block-separator\"\/>\n\n\n\n<h2 class=\"has-text-align-center\"><strong><span style=\"color:#1379a5\" class=\"has-inline-color\">EXP\u00c9RIENCES<\/span><\/strong><\/h2>\n\n\n\n<div class=\"wp-block-group\"><div class=\"wp-block-group__inner-container\">\n<p class=\"has-text-align-center\"><strong><span style=\"color:#1379a5\" class=\"has-inline-color\">2021:<\/span><\/strong><span style=\"color:#000000\" class=\"has-inline-color\"><strong> <a rel=\"noreferrer noopener\" href=\"https:\/\/www.fagnes.com\/fr\" target=\"_blank\">Fagnes Beers S.A.<\/a> &#8211; Couvin<\/strong><br>CDI &#8211; Infographiste, responsable marketing et support commercial<br><\/span><strong><span style=\"color:#1379a5\" class=\"has-inline-color\">2018 &#8211; 2021:<\/span><\/strong><span style=\"color:#000000\" class=\"has-inline-color\"><strong> <a rel=\"noreferrer noopener\" href=\"https:\/\/www.signalisation.com\/\" target=\"_blank\">Niezen S.A.<\/a> &#8211; Brugelette<\/strong><br>CDI &#8211; Commerciale interne et infographiste <br><\/span><strong><span style=\"color:#1379a5\" class=\"has-inline-color\">2017:<\/span><\/strong><span style=\"color:#000000\" class=\"has-inline-color\"><strong> <a rel=\"noreferrer noopener\" href=\"http:\/\/www.arrowprint.be\/\" target=\"_blank\">ArrowPrint SPRL<\/a> &#8211; Saintes<\/strong><br>Stagiaire &#8211; Conception graphique<br><\/span><strong><span style=\"color:#1379a5\" class=\"has-inline-color\">2012 &#8211; 2016:<\/span><\/strong><span style=\"color:#000000\" class=\"has-inline-color\"><strong> <a rel=\"noreferrer noopener\" href=\"https:\/\/www.pairidaiza.eu\/fr#pairi-daiza-resort\" target=\"_blank\">Pairi Daiza<\/a> &#8211; Brugelette<\/strong><br>\u00c9tudiante &#8211; Agent d\u2019accueil<br><\/span><strong><span style=\"color:#1379a5\" class=\"has-inline-color\">2011:<\/span><\/strong><span style=\"color:#000000\" class=\"has-inline-color\"><strong> Matheco SPRL &#8211; Asse<\/strong><br>\u00c9tudiante &#8211; Aide administrative<br><\/span><strong><span style=\"color:#1379a5\" class=\"has-inline-color\">2010 &#8211; 2011:<\/span><\/strong><span style=\"color:#000000\" class=\"has-inline-color\"><strong> <a rel=\"noreferrer noopener\" href=\"https:\/\/kic2670.phpnet.org\/lucmeyfroid.be\/wordpress\/\" target=\"_blank\">Atelier Amarante<\/a> &#8211; Enghien<\/strong><br>Stagiaire &#8211;<\/span> <span style=\"color:#000000\" class=\"has-inline-color\">Animatrice artistique<\/span><\/p>\n<\/div><\/div>\n","protected":false},"excerpt":{"rendered":"<p>INFOGRAPHISTE SP\u00c9CIALIS\u00c9E EN PR\u00c9-PRESSE &amp; COMMERCIALE INTERNE COMP\u00c9TENCES CONCEPTION CR\u00c9ATIVE: Recherche de tendance et de concept de communication, recherche iconographique.CONCEPTION GRAPHIQUE: Cr\u00e9ation d\u2019affiche, flyer, identit\u00e9 visuelle, papeterie, logo, pictogramme, illustration.ANIMATION GRAPHIQUE: Cr\u00e9ation de motion design, d\u2019effets visuels et de montage vid\u00e9o. WEB DESIGN: Conception graphique et d\u00e9clinaison de site web. Responsive web design.WEB DEVELOPEMENT: Cr\u00e9ation [&hellip;]<\/p>\n","protected":false},"author":1,"featured_media":0,"parent":0,"menu_order":0,"comment_status":"closed","ping_status":"closed","template":"","meta":[],"_links":{"self":[{"href":"https:\/\/elodiemeyfroid.be\/index.php?rest_route=\/wp\/v2\/pages\/21"}],"collection":[{"href":"https:\/\/elodiemeyfroid.be\/index.php?rest_route=\/wp\/v2\/pages"}],"about":[{"href":"https:\/\/elodiemeyfroid.be\/index.php?rest_route=\/wp\/v2\/types\/page"}],"author":[{"embeddable":true,"href":"https:\/\/elodiemeyfroid.be\/index.php?rest_route=\/wp\/v2\/users\/1"}],"replies":[{"embeddable":true,"href":"https:\/\/elodiemeyfroid.be\/index.php?rest_route=%2Fwp%2Fv2%2Fcomments&post=21"}],"version-history":[{"count":15,"href":"https:\/\/elodiemeyfroid.be\/index.php?rest_route=\/wp\/v2\/pages\/21\/revisions"}],"predecessor-version":[{"id":606,"href":"https:\/\/elodiemeyfroid.be\/index.php?rest_route=\/wp\/v2\/pages\/21\/revisions\/606"}],"wp:attachment":[{"href":"https:\/\/elodiemeyfroid.be\/index.php?rest_route=%2Fwp%2Fv2%2Fmedia&parent=21"}],"curies":[{"name":"wp","href":"https:\/\/api.w.org\/{rel}","templated":true}]}}